{"id":4759,"date":"2024-11-28T13:35:18","date_gmt":"2024-11-28T12:35:18","guid":{"rendered":"https:\/\/konkursi-dev.belit.co.rs\/?page_id=4759"},"modified":"2025-12-11T09:59:57","modified_gmt":"2025-12-11T08:59:57","slug":"uslovi-koriscenja","status":"publish","type":"page","link":"https:\/\/mdi.dev.konkursi.me\/me\/uslovi-koriscenja\/","title":{"rendered":"Uslovi kori\u0161\u0107enja"},"content":{"rendered":"<p><!-- PUT HERE AS MANNY PATTERNS AS YOU WANT --><\/p>\n\n\n<h2 class=\"wp-block-heading\"><strong>Registracija naloga<\/strong><\/h2>\n\n\n\n<p class=\"wp-block-paragraph\">Dobrodo\u0161li na platformu<strong> <\/strong>za konkurse<strong> Ministarstva dijaspore<\/strong> (u daljem tekstu \u201ePlatforma\u201d). Registracijom na ovu Platformu, korisnici sti\u010du pravo na pristup i kori\u0161\u0107enje funkcionalnosti vezanih za prijavu na javne pozive i konkurse.<\/p>\n\n\n\n<p class=\"wp-block-paragraph\">Po uspje\u0161noj registraciji, korisnik \u0107e dobiti e-mail sa linkom za verifikaciju naloga. Va\u017eno je da navedete validnu e-mail adresu kako biste pravovremeno primali obavje\u0161tenja o statusu prijava i drugim relevantnim informacijama.<\/p>\n\n\n\n<h2 class=\"wp-block-heading\"><strong>Politika privatnosti\u202fza kori\u0161\u0107enje portala<\/strong><\/h2>\n\n\n\n<h3 class=\"wp-block-heading\"><strong>Koje podatke prikupljamo<\/strong><\/h3>\n\n\n\n<p class=\"wp-block-paragraph\">Na\u0161a Platforma mo\u017ee prikupljati sljede\u0107e li\u010dne podatke putem formi:<\/p>\n\n\n\n<ul class=\"wp-block-list\">\n<li>Ime i prezime<\/li>\n\n\n\n<li>Email adresu<\/li>\n\n\n\n<li>Broj telefona<\/li>\n\n\n\n<li>Podatke koji \u010dine sastavni dio formi za prijavu na javne pozive i konkurse na ovoj platformi<\/li>\n\n\n\n<li>Ostale podatke koje sami dobrovoljno pru\u017eite<\/li>\n<\/ul>\n\n\n\n<h3 class=\"wp-block-heading\"><strong>Svrha prikupljanja podataka<\/strong><\/h3>\n\n\n\n<p class=\"wp-block-paragraph\">Prikupljeni podaci se koriste za:<\/p>\n\n\n\n<ul class=\"wp-block-list\">\n<li>Kreiranje korisni\u010dkih naloga<\/li>\n\n\n\n<li>Upravljanje prijavama na pozive i konkurse<\/li>\n\n\n\n<li>Kontaktiranje i obavje\u0161tavanje o statusu prijave<\/li>\n\n\n\n<li>Izradu ugovora o dodjeli sredstava i njihovih aneksa, odluka o dodjeli sredstava i druge dokumentacije vezane za kori\u0161\u0107enje bud\u017eetskih sredstava namijenjenih za javne pozive i konkurse<\/li>\n\n\n\n<li>Izvje\u0161tavanje o utro\u0161enim bud\u017eetskim sredstvima u svrhe sprovedenih poziva i konkursa, poslovne statistike<\/li>\n<\/ul>\n\n\n\n<h3 class=\"wp-block-heading\"><strong>Dijeljenje podataka<\/strong><\/h3>\n\n\n\n<p class=\"wp-block-paragraph\">Va\u0161i podaci se ne\u0107e prodavati, iznajmljivati ili ustupati tre\u0107im stranama bez va\u0161eg pristanka, osim u slu\u010dajevima kada je to zakonom obavezno.<\/p>\n\n\n\n<h3 class=\"wp-block-heading\"><strong>Kola\u010di\u0107i i tehnologije pra\u0107enja<\/strong><\/h3>\n\n\n\n<p class=\"wp-block-paragraph\">Na\u0161a platforma mo\u017ee koristiti kola\u010di\u0107e i sli\u010dne tehnologije radi pobolj\u0161anja Va\u0161eg korisni\u010dkog iskustva i pra\u0107enja aktivnosti na sajtu. Mo\u017eete upravljati postavkama kola\u010di\u0107a putem pode\u0161avanja u Va\u0161em pretra\u017eiva\u010du.<\/p>\n\n\n\n<h3 class=\"wp-block-heading\"><strong>Prava korisnika<\/strong><\/h3>\n\n\n\n<p class=\"wp-block-paragraph\">Mo\u017eete nam se obratiti ukoliko imate bilo kakvih pitanja ili nedoumica u vezi sa politikom privatnosti ili obradom Va\u0161ih podataka.<\/p>\n\n\n\n<h3 class=\"wp-block-heading\"><strong>Kontakt informacije<\/strong><\/h3>\n\n\n\n<p class=\"wp-block-paragraph\">Ukoliko imate dodatna pitanja ili komentare u vezi sa na\u0161om politikom privatnosti, mo\u017eete nas kontaktirati putem sljede\u0107ih informacija:<\/p>\n\n\n\n<ul class=\"wp-block-list\">\n<li>Email: kabinet@mdi.gov.me<\/li>\n<\/ul>\n\n\n\n<div style=\"height:50px\" aria-hidden=\"true\" class=\"wp-block-spacer\"><\/div>","protected":false},"excerpt":{"rendered":"<p>Registracija naloga Dobrodo\u0161li na platformu za konkurse Ministarstva dijaspore (u daljem tekstu \u201ePlatforma\u201d). Registracijom na ovu Platformu, korisnici sti\u010du pravo na pristup i kori\u0161\u0107enje funkcionalnosti vezanih za prijavu na javne pozive i konkurse. Po uspje\u0161noj registraciji, korisnik \u0107e dobiti e-mail sa linkom za verifikaciju naloga. Va\u017eno je da navedete validnu e-mail adresu kako biste pravovremeno [&hellip;]<\/p>\n","protected":false},"author":1,"featured_media":0,"parent":0,"menu_order":0,"comment_status":"closed","ping_status":"closed","template":"","meta":{"_acf_changed":false,"_crdt_document":"","footnotes":""},"class_list":["post-4759","page","type-page","status-publish","hentry"],"acf":[],"_links":{"self":[{"href":"https:\/\/mdi.dev.konkursi.me\/me\/wp-json\/wp\/v2\/pages\/4759","targetHints":{"allow":["GET"]}}],"collection":[{"href":"https:\/\/mdi.dev.konkursi.me\/me\/wp-json\/wp\/v2\/pages"}],"about":[{"href":"https:\/\/mdi.dev.konkursi.me\/me\/wp-json\/wp\/v2\/types\/page"}],"author":[{"embeddable":true,"href":"https:\/\/mdi.dev.konkursi.me\/me\/wp-json\/wp\/v2\/users\/1"}],"replies":[{"embeddable":true,"href":"https:\/\/mdi.dev.konkursi.me\/me\/wp-json\/wp\/v2\/comments?post=4759"}],"version-history":[{"count":7,"href":"https:\/\/mdi.dev.konkursi.me\/me\/wp-json\/wp\/v2\/pages\/4759\/revisions"}],"predecessor-version":[{"id":6424,"href":"https:\/\/mdi.dev.konkursi.me\/me\/wp-json\/wp\/v2\/pages\/4759\/revisions\/6424"}],"wp:attachment":[{"href":"https:\/\/mdi.dev.konkursi.me\/me\/wp-json\/wp\/v2\/media?parent=4759"}],"curies":[{"name":"wp","href":"https:\/\/api.w.org\/{rel}","templated":true}]}}