{"id":4759,"date":"2024-11-28T13:35:18","date_gmt":"2024-11-28T12:35:18","guid":{"rendered":"https:\/\/konkursi-dev.belit.co.rs\/?page_id=4759"},"modified":"2025-12-11T09:59:57","modified_gmt":"2025-12-11T08:59:57","slug":"uslovi-koriscenja","status":"publish","type":"page","link":"https:\/\/mdi.dev.konkursi.me\/en\/uslovi-koriscenja\/","title":{"rendered":"Terms of Use"},"content":{"rendered":"<p><!-- PUT HERE AS MANNY PATTERNS AS YOU WANT --><\/p>\n\n\n<h2 class=\"wp-block-heading\"><strong>Account registration<\/strong><\/h2>\n\n\n\n<p class=\"wp-block-paragraph\">Welcome to the platform<strong> <\/strong>za konkurse<strong> Ministarstva dijaspore<\/strong> (u daljem tekstu \u201ePlatforma\u201d). Registracijom na ovu Platformu, korisnici sti\u010du pravo na pristup i kori\u0161\u0107enje funkcionalnosti vezanih za prijavu na javne pozive i konkurse.<\/p>\n\n\n\n<p class=\"wp-block-paragraph\">After successful registration, the user will receive an e-mail with a link for account verification. It is important that you provide a valid e-mail address in order to receive timely notifications about the status of applications and other relevant information.<\/p>\n\n\n\n<h2 class=\"wp-block-heading\"><strong>Privacy policy for using the portal<\/strong><\/h2>\n\n\n\n<h3 class=\"wp-block-heading\"><strong>What data we collect<\/strong><\/h3>\n\n\n\n<p class=\"wp-block-paragraph\">Our Platform may collect the following personal data through forms:<\/p>\n\n\n\n<ul class=\"wp-block-list\">\n<li>Name and surname<\/li>\n\n\n\n<li>Email address<\/li>\n\n\n\n<li>Phone number<\/li>\n\n\n\n<li>Podatke koji \u010dine sastavni dio formi za prijavu na javne pozive i konkurse na ovoj platformi<\/li>\n\n\n\n<li>Other data that you voluntarily provide yourself<\/li>\n<\/ul>\n\n\n\n<h3 class=\"wp-block-heading\"><strong>Purpose of data collection<\/strong><\/h3>\n\n\n\n<p class=\"wp-block-paragraph\">Collected data is used for:<\/p>\n\n\n\n<ul class=\"wp-block-list\">\n<li>Creating user accounts<\/li>\n\n\n\n<li>Upravljanje prijavama na pozive i konkurse<\/li>\n\n\n\n<li>Contacting and informing about the status of the application<\/li>\n\n\n\n<li>Izradu ugovora o dodjeli sredstava i njihovih aneksa, odluka o dodjeli sredstava i druge dokumentacije vezane za kori\u0161\u0107enje bud\u017eetskih sredstava namijenjenih za javne pozive i konkurse<\/li>\n\n\n\n<li>Izvje\u0161tavanje o utro\u0161enim bud\u017eetskim sredstvima u svrhe sprovedenih poziva i konkursa, poslovne statistike<\/li>\n<\/ul>\n\n\n\n<h3 class=\"wp-block-heading\"><strong>Data sharing<\/strong><\/h3>\n\n\n\n<p class=\"wp-block-paragraph\">Your data will not be sold, rented or given to third parties without your consent, except in cases where this is required by law.<\/p>\n\n\n\n<h3 class=\"wp-block-heading\"><strong>Cookies and tracking technologies<\/strong><\/h3>\n\n\n\n<p class=\"wp-block-paragraph\">Our platform may use cookies and similar technologies to improve your user experience and track activity on the site. You can manage cookie settings through the settings in your browser.<\/p>\n\n\n\n<h3 class=\"wp-block-heading\"><strong>User rights<\/strong><\/h3>\n\n\n\n<p class=\"wp-block-paragraph\">You can contact us if you have any questions or concerns regarding the privacy policy or the processing of your data.<\/p>\n\n\n\n<h3 class=\"wp-block-heading\"><strong>Contact information<\/strong><\/h3>\n\n\n\n<p class=\"wp-block-paragraph\">If you have additional questions or comments regarding our privacy policy, you can contact us using the following information:<\/p>\n\n\n\n<ul class=\"wp-block-list\">\n<li>Email: kabinet@mdi.gov.me<\/li>\n<\/ul>\n\n\n\n<div style=\"height:50px\" aria-hidden=\"true\" class=\"wp-block-spacer\"><\/div>","protected":false},"excerpt":{"rendered":"<p>Registracija naloga Dobrodo\u0161li na platformu za konkurse Ministarstva dijaspore (u daljem tekstu \u201ePlatforma\u201d). Registracijom na ovu Platformu, korisnici sti\u010du pravo na pristup i kori\u0161\u0107enje funkcionalnosti vezanih za prijavu na javne pozive i konkurse. Po uspje\u0161noj registraciji, korisnik \u0107e dobiti e-mail sa linkom za verifikaciju naloga. Va\u017eno je da navedete validnu e-mail adresu kako biste pravovremeno [&hellip;]<\/p>\n","protected":false},"author":1,"featured_media":0,"parent":0,"menu_order":0,"comment_status":"closed","ping_status":"closed","template":"","meta":{"_acf_changed":false,"_crdt_document":"","footnotes":""},"class_list":["post-4759","page","type-page","status-publish","hentry"],"acf":[],"_links":{"self":[{"href":"https:\/\/mdi.dev.konkursi.me\/en\/wp-json\/wp\/v2\/pages\/4759","targetHints":{"allow":["GET"]}}],"collection":[{"href":"https:\/\/mdi.dev.konkursi.me\/en\/wp-json\/wp\/v2\/pages"}],"about":[{"href":"https:\/\/mdi.dev.konkursi.me\/en\/wp-json\/wp\/v2\/types\/page"}],"author":[{"embeddable":true,"href":"https:\/\/mdi.dev.konkursi.me\/en\/wp-json\/wp\/v2\/users\/1"}],"replies":[{"embeddable":true,"href":"https:\/\/mdi.dev.konkursi.me\/en\/wp-json\/wp\/v2\/comments?post=4759"}],"version-history":[{"count":7,"href":"https:\/\/mdi.dev.konkursi.me\/en\/wp-json\/wp\/v2\/pages\/4759\/revisions"}],"predecessor-version":[{"id":6424,"href":"https:\/\/mdi.dev.konkursi.me\/en\/wp-json\/wp\/v2\/pages\/4759\/revisions\/6424"}],"wp:attachment":[{"href":"https:\/\/mdi.dev.konkursi.me\/en\/wp-json\/wp\/v2\/media?parent=4759"}],"curies":[{"name":"wp","href":"https:\/\/api.w.org\/{rel}","templated":true}]}}