{"id":1895,"date":"2023-12-13T21:22:23","date_gmt":"2023-12-13T20:22:23","guid":{"rendered":"https:\/\/javni-konkursi.local\/?page_id=1895"},"modified":"2025-12-09T12:22:18","modified_gmt":"2025-12-09T11:22:18","slug":"registruj-se","status":"publish","type":"page","link":"https:\/\/mdi.dev.konkursi.me\/default\/registruj-se\/","title":{"rendered":"Registruj se"},"content":{"rendered":"\t<div class='user-registration ur-frontend-form   user-registration-main-form' id='user-registration-form-1890'>\n\t\t\t\t\t\t\t\t<form method='post' class='register' data-form-id=\"1890\"\n\t\t\t\tdata-enable-strength-password=\"1\" data-minimum-password-strength=\"2\"\n\t\t\t\t\t\t\t\t\t\t\t\t\t\t\t \"enctype=multipart\/form-data\" data-captcha-enabled=\"\">\n\n\t\t\t\t<div class=\"ur-form-row\" data-row-id=\"2\">\t\t\t\t\t\t<div class=\"ur-form-grid ur-grid-1\"\n\t\t\t\t\t\t\tstyle=\"width:48%\">\n\t\t\t\t\t\t\t\t\t\t\t\t\t\t<div data-conditional-logic-enabled=\"\" data-field-id=\"first_name\" class=\"ur-field-item field-first_name fa-solid fa-at\" data-ref-id=\"first_name\">\n\t\t\t\t\t\t\t\t\t<div class=\"form-row validate-required\" id=\"first_name_field\" data-priority=\"\" > <span class=\"input-wrapper\"> <input  data-rules=\"\" data-id=\"first_name\" type=\"text\" class=\"input-text  without_icon input-text ur-frontend-field \" name=\"first_name\" id=\"first_name\" placeholder=\"First Name\"  value=\"\" required=\"required\" data-label=\"First Name\" \/> <\/span> <\/div>\t\t\t\t\t\t\t\t<\/div>\n\t\t\t\t\t\t\t\t\t\t\t\t\t\t<\/div>\n\t\t\t\t\t\t\t\t\t\t\t\t<div class=\"ur-form-grid ur-grid-2\"\n\t\t\t\t\t\t\tstyle=\"width:48%\">\n\t\t\t\t\t\t\t\t\t\t\t\t\t\t<div data-conditional-logic-enabled=\"\" data-field-id=\"last_name\" class=\"ur-field-item field-last_name fa-solid fa-at\" data-ref-id=\"last_name\">\n\t\t\t\t\t\t\t\t\t<div class=\"form-row validate-required\" id=\"last_name_field\" data-priority=\"\" > <span class=\"input-wrapper\"> <input  data-rules=\"\" data-id=\"last_name\" type=\"text\" class=\"input-text  without_icon input-text ur-frontend-field \" name=\"last_name\" id=\"last_name\" placeholder=\"Last Name\"  value=\"\" required=\"required\" data-label=\"Last Name\" \/> <\/span> <\/div>\t\t\t\t\t\t\t\t<\/div>\n\t\t\t\t\t\t\t\t\t\t\t\t\t\t<\/div>\n\t\t\t\t\t\t\t\t\t\t\t<\/div>\n\t\t\t\t\t<div class=\"ur-form-row\" data-row-id=\"0\">\t\t\t\t\t\t<div class=\"ur-form-grid ur-grid-1\"\n\t\t\t\t\t\t\tstyle=\"width:99%\">\n\t\t\t\t\t\t\t\t\t\t\t\t\t\t<div data-conditional-logic-enabled=\"\" data-field-id=\"input_box_1765442002\" class=\"ur-field-item field-text fa-solid fa-building\" data-ref-id=\"input_box_1765442002\">\n\t\t\t\t\t\t\t\t\t<div class=\"form-row \" id=\"input_box_1765442002_field\" data-priority=\"\" > <span class=\"input-wrapper\"> <input  data-rules=\"\" data-id=\"input_box_1765442002\" type=\"text\" class=\"input-text  without_icon input-text ur-frontend-field \" name=\"input_box_1765442002\" id=\"input_box_1765442002\" placeholder=\"Organization\"  value=\"\" data-label=\"Organization\" \/> <\/span> <\/div>\t\t\t\t\t\t\t\t<\/div>\n\t\t\t\t\t\t\t\t\t\t\t\t\t\t\t\t<div data-conditional-logic-enabled=\"\" data-field-id=\"user_email\" class=\"ur-field-item field-user_email fa-solid fa-envelope\" data-ref-id=\"user_email\">\n\t\t\t\t\t\t\t\t\t<div class=\"form-row validate-required\" id=\"user_email_field\" data-priority=\"\" > <span class=\"input-wrapper\"> <input  data-rules=\"\" data-id=\"user_email\" type=\"email\" class=\"input-text  without_icon input-email ur-frontend-field \" name=\"user_email\" id=\"user_email\" placeholder=\"Email\"  value=\"\" required=\"required\" data-label=\"Email\" \/> <\/span> <\/div>\t\t\t\t\t\t\t\t<\/div>\n\t\t\t\t\t\t\t\t\t\t\t\t\t\t\t\t<div data-conditional-logic-enabled=\"\" data-field-id=\"user_confirm_email\" class=\"ur-field-item field-user_confirm_email fa-solid fa-envelope\" data-ref-id=\"user_confirm_email\">\n\t\t\t\t\t\t\t\t\t<div class=\"form-row validate-required\" id=\"user_confirm_email_field\" data-priority=\"\" > <span class=\"input-wrapper\"> <input  data-rules=\"\" data-id=\"user_confirm_email\" type=\"email\" class=\"input-text  without_icon input-email ur-frontend-field \" name=\"user_confirm_email\" id=\"user_confirm_email\" placeholder=\"Confirm Email\"  value=\"\" required=\"required\" data-label=\"Confirm Email\" \/> <\/span> <\/div>\t\t\t\t\t\t\t\t<\/div>\n\t\t\t\t\t\t\t\t\t\t\t\t\t\t\t\t<div data-conditional-logic-enabled=\"\" data-field-id=\"user_pass\" class=\"ur-field-item field-user_pass fa-solid fa-lock-keyhole\" data-ref-id=\"user_pass\">\n\t\t\t\t\t\t\t\t\t<div class=\"form-row validate-required hide_show_password\" id=\"user_pass_field\" data-priority=\"\"> <span class=\"input-wrapper\"> <span class=\"password-input-group input-form-field-icons\"><input data-rules=\"\" data-id=\"user_pass\" type=\"password\" class=\"input-text without_icon input-password ur-frontend-field \" name=\"user_pass\" id=\"user_pass\" placeholder=\"User Password\"  value=\"\" required=\"required\" data-label=\"User Password\" \/><a href=\"\" class=\"password_preview dashicons dashicons-hidden\" title=\" Show password \"><\/a><\/span> <\/span> <\/div>\t\t\t\t\t\t\t\t<\/div>\n\t\t\t\t\t\t\t\t\t\t\t\t\t\t\t\t<div data-conditional-logic-enabled=\"\" data-field-id=\"user_confirm_password\" class=\"ur-field-item field-user_confirm_password fa-solid fa-lock-keyhole\" data-ref-id=\"user_confirm_password\">\n\t\t\t\t\t\t\t\t\t<div class=\"form-row validate-required hide_show_password\" id=\"user_confirm_password_field\" data-priority=\"\"> <span class=\"input-wrapper\"> <span class=\"password-input-group input-form-field-icons\"><input data-rules=\"\" data-id=\"user_confirm_password\" type=\"password\" class=\"input-text without_icon input-password ur-frontend-field \" name=\"user_confirm_password\" id=\"user_confirm_password\" placeholder=\"Confirm Password\"  value=\"\" required=\"required\" data-label=\"Confirm Password\" \/><a href=\"\" class=\"password_preview dashicons dashicons-hidden\" title=\" Show password \"><\/a><\/span> <\/span> <\/div>\t\t\t\t\t\t\t\t<\/div>\n\t\t\t\t\t\t\t\t\t\t\t\t\t\t\t\t<div data-conditional-logic-enabled=\"\" data-field-id=\"phone_number\" class=\"ur-field-item field-phone \" data-ref-id=\"phone_number\">\n\t\t\t\t\t\t\t\t\t<div class=\"form-row \" id=\"phone_number\" data-priority=\"\"><label for=\"Phone number\" class=\"ur-label\">Phone number<span class=\"ur-portal-tooltip\" data-tip=\"Telefonski broj mora da bude u formatu 06X XXX XXX\"><\/span><\/label> <input data-rules=\"\" data-id=\"phone_number\" type=\"text\" value=\"\" class=\" ur-frontend-field   ur-smart-phone-field\" name=\"phone_number\" id=\"phone_number\" placeholder=\"\" data-label=\"Phone number\" \/> <\/div>\t\t\t\t\t\t\t\t<\/div>\n\t\t\t\t\t\t\t\t\t\t\t\t\t\t<\/div>\n\t\t\t\t\t\t\t\t\t\t\t<\/div>\n\t\t\t\t\t<div class=\"ur-form-row\" data-row-id=\"4\">\t\t\t\t\t\t<div class=\"ur-form-grid ur-grid-1\"\n\t\t\t\t\t\t\tstyle=\"width:99%\">\n\t\t\t\t\t\t\t\t\t\t\t\t\t\t<div data-conditional-logic-enabled=\"\" data-field-id=\"privacy_policy_1732782111\" class=\"ur-field-item field-privacy_policy \" data-ref-id=\"privacy_policy_1732782111\">\n\t\t\t\t\t\t\t\t\t<div class=\"form-row validate-required\" id=\"privacy_policy_1732782111_field\" data-priority=\"\" ><label class=\"ur-label checkbox\" required=\"required\" data-label=\"Uslovi kori\u0161\u0107enja\">\n\t\t\t\t\t\t\t<input data-rules=\"\" data-id=\"privacy_policy_1732782111\" required=\"required\" data-label=\"Uslovi kori\u0161\u0107enja\" data-value=\"\" type=\"checkbox\" class=\"input-checkbox ur-frontend-field \" name=\"privacy_policy_1732782111\" id=\"privacy_policy_1732782111\" value=\"1\"  \/> Uslovi kori\u0161\u0107enja <abbr class=\"required\" title=\"required\">*<\/abbr><\/label><span class=\"description\">Klikom na polje &#8216;Uslovi kori\u0161\u0107enja&#8217; potvr\u0111ujete da ste pro\u010ditali i da se sla\u017eete sa Uslovima kori\u0161\u0107enja dostupnim na sljede\u0107em <a href='https:\/\/mdi.dev.konkursi.me\/me\/uslovi-koriscenja\/'>linku<\/a>.<\/span><\/div>\t\t\t\t\t\t\t\t<\/div>\n\t\t\t\t\t\t\t\t\t\t\t\t\t\t<\/div>\n\t\t\t\t\t\t\t\t\t\t\t<\/div>\n\t\t\t\t\t\t\t\t\t\t\t\t\t\t\t\t\t<div class=\"ur-button-container \" >\n\t\t\t\t\t\t\t\t\t\t\t\t\t\t<button type=\"submit\" class=\"btn button ur-submit-button \"  conditional_rules=\"\">\n\t\t\t\t\t\t\t\t<span><\/span>\n\t\t\t\t\t\t\t\tRegister\t\t\t\t\t\t\t<\/button>\n\t\t\t\t\t\t\t\t\t\t\t\t\t\t\t\t\t\t\t\t<\/div>\n\t\t\t\t\t\t\n\t\t\t\t<div style=\"clear:both\"><\/div>\n\t\t\t\t\t\t\t\t<input type=\"hidden\" name=\"ur-registration-language\" value=\"en-US\"\/>\n\t\t\t\t<input type=\"hidden\" name=\"ur-user-form-id\" value=\"1890\"\/>\n\t\t\t\t<input type=\"hidden\" name=\"ur-redirect-url\" value=\"\/me\/account\/?confirm-account=true\"\/>\n\t\t\t\t<input type=\"hidden\" id=\"ur_frontend_form_nonce\" name=\"ur_frontend_form_nonce\" value=\"d1e50ef557\" \/>\n\t\t\t\t\t\t\t<\/form>\n\t\t\t\n\t\t<div style=\"clear:both\"><\/div>\n\t<\/div>\n","protected":false},"excerpt":{"rendered":"<p>Join our community today! Register your company and start shaping the future with us now.<\/p>\n","protected":false},"author":1,"featured_media":0,"parent":0,"menu_order":0,"comment_status":"closed","ping_status":"closed","template":"registration-page","meta":{"_acf_changed":false,"_crdt_document":"","footnotes":""},"class_list":["post-1895","page","type-page","status-publish","hentry"],"acf":[],"_links":{"self":[{"href":"https:\/\/mdi.dev.konkursi.me\/default\/wp-json\/wp\/v2\/pages\/1895","targetHints":{"allow":["GET"]}}],"collection":[{"href":"https:\/\/mdi.dev.konkursi.me\/default\/wp-json\/wp\/v2\/pages"}],"about":[{"href":"https:\/\/mdi.dev.konkursi.me\/default\/wp-json\/wp\/v2\/types\/page"}],"author":[{"embeddable":true,"href":"https:\/\/mdi.dev.konkursi.me\/default\/wp-json\/wp\/v2\/users\/1"}],"replies":[{"embeddable":true,"href":"https:\/\/mdi.dev.konkursi.me\/default\/wp-json\/wp\/v2\/comments?post=1895"}],"version-history":[{"count":3,"href":"https:\/\/mdi.dev.konkursi.me\/default\/wp-json\/wp\/v2\/pages\/1895\/revisions"}],"predecessor-version":[{"id":6315,"href":"https:\/\/mdi.dev.konkursi.me\/default\/wp-json\/wp\/v2\/pages\/1895\/revisions\/6315"}],"wp:attachment":[{"href":"https:\/\/mdi.dev.konkursi.me\/default\/wp-json\/wp\/v2\/media?parent=1895"}],"curies":[{"name":"wp","href":"https:\/\/api.w.org\/{rel}","templated":true}]}}