{"id":5381,"date":"2024-12-18T13:58:09","date_gmt":"2024-12-18T12:58:09","guid":{"rendered":"https:\/\/konkursimkm.gov.me\/?page_id=5381"},"modified":"2026-01-30T09:03:25","modified_gmt":"2026-01-30T08:03:25","slug":"podrska","status":"publish","type":"page","link":"https:\/\/mdi.dev.konkursi.me\/cyr\/podrska\/","title":{"rendered":"Uputstvo za korisnike"},"content":{"rendered":"<p class=\"wp-block-paragraph\">\u0414\u043e\u043a\u0443\u043c\u0435\u043d\u0442 \u043f\u043e\u0434 \u043d\u0430\u0437\u0438\u0432\u043e\u043c \u201c\u0423\u043f\u0443\u0442\u0441\u0442\u0432\u043e \u0437\u0430 \u043a\u043e\u0440\u0438\u0441\u043d\u0438\u043a\u0435 \u2013 \u041f\u043e\u0440\u0442\u0430\u043b \u041c\u0438\u043d\u0438\u0441\u0442\u0430\u0440\u0441\u0442\u0432\u0430 \u0434\u0438\u0458\u0430\u0441\u043f\u043e\u0440\u0435\u201d \u043f\u0440\u0443\u0436\u0430 \u0434\u0435\u0442\u0430\u0459\u043d\u0430 \u0443\u043f\u0443\u0442\u0441\u0442\u0432\u0430 \u0437\u0430 \u043a\u043e\u0440\u0438\u0448\u045b\u0435\u045a\u0435 \u043f\u043b\u0430\u0442\u0444\u043e\u0440\u043c\u0435 \u041c\u0438\u043d\u0438\u0441\u0442\u0430\u0440\u0441\u0442\u0432\u0430 \u0434\u0438\u0458\u0430\u0441\u043f\u043e\u0440\u0435, \u0443\u043a\u0459\u0443\u0447\u0443\u0458\u0443\u045b\u0438 \u0440\u0435\u0433\u0438\u0441\u0442\u0440\u0430\u0446\u0438\u0458\u0443, \u043f\u0440\u0438\u0458\u0430\u0432\u0443, \u043d\u0430\u0432\u0438\u0433\u0430\u0446\u0438\u0458\u0443 \u043a\u0440\u043e\u0437 \u0458\u0430\u0432\u043d\u0438 \u0438 \u043f\u0435\u0440\u0441\u043e\u043d\u0430\u043b\u0438\u0437\u043e\u0432\u0430\u043d\u0438 \u0434\u0438\u043e \u043f\u043e\u0440\u0442\u0430\u043b\u0430, \u0442\u0435 \u043f\u0440\u043e\u0446\u0435\u0441 \u043f\u043e\u0434\u043d\u043e\u0448\u0435\u045a\u0430 \u043f\u0440\u0438\u0458\u0430\u0432\u0430 \u043d\u0430 \u0458\u0430\u0432\u043d\u0435 \u043f\u043e\u0437\u0438\u0432\u0435 \u0438 \u0433\u0440\u0430\u043d\u0442\u043e\u0432\u0435. \u0421\u0430\u0434\u0440\u0436\u0438 \u0432\u043e\u0434\u0438\u0447\u0435 \u0437\u0430 \u0434\u043e\u0434\u0430\u0432\u0430\u045a\u0435 \u0434\u043e\u043a\u0443\u043c\u0435\u043d\u0430\u0442\u0430 \u0438 \u043f\u0440\u0435\u0433\u043b\u0435\u0434 \u043f\u0440\u0438\u0458\u0430\u0432\u0430, \u043a\u0430\u043e \u0438 \u0441\u0430\u0432\u0458\u0435\u0442\u0435 \u0437\u0430 \u0440\u0458\u0435\u0448\u0430\u0432\u0430\u045a\u0435 \u0447\u0435\u0441\u0442\u0438\u0445 \u043f\u0440\u043e\u0431\u043b\u0435\u043c\u0430. \u041f\u0440\u0435\u0443\u0437\u043c\u0438\u0442\u0435 \u0434\u043e\u043a\u0443\u043c\u0435\u043d\u0442 \u043a\u0430\u043a\u043e \u0431\u0438\u0441\u0442\u0435 \u0434\u043e\u0431\u0438\u043b\u0438 \u0441\u0432\u0435 \u043f\u043e\u0442\u0440\u0435\u0431\u043d\u0435 \u0438\u043d\u0444\u043e\u0440\u043c\u0430\u0446\u0438\u0458\u0435 \u0437\u0430 \u0435\u0444\u0438\u043a\u0430\u0441\u043d\u043e \u043a\u043e\u0440\u0438\u0448\u045b\u0435\u045a\u0435 \u043f\u043e\u0440\u0442\u0430\u043b\u0430.<\/p>\n\n\n\n<div class=\"wp-block-group has-global-padding is-layout-constrained wp-block-group-is-layout-constrained\">\n<div class=\"wp-block-group is-horizontal is-content-justification-left is-nowrap is-layout-flex wp-container-core-group-is-layout-0e834796 wp-block-group-is-layout-flex\">\n<div class=\"wp-block-group is-vertical is-layout-flex wp-container-core-group-is-layout-b0fe5dce wp-block-group-is-layout-flex\">\n<figure class=\"wp-block-image size-thumbnail is-resized has-custom-border\"><img loading=\"lazy\" decoding=\"async\" width=\"116\" height=\"150\" src=\"https:\/\/mdi.dev.konkursi.me\/wp-content\/uploads\/2025\/12\/uputstvo-img-116x150.png\" alt=\"\" class=\"has-border-color has-base-2-border-color wp-image-6459\" style=\"border-width:1px;width:133px;height:auto\" srcset=\"https:\/\/mdi.dev.konkursi.me\/wp-content\/uploads\/2025\/12\/uputstvo-img-116x150.png 116w, https:\/\/mdi.dev.konkursi.me\/wp-content\/uploads\/2025\/12\/uputstvo-img-231x300.png 231w, https:\/\/mdi.dev.konkursi.me\/wp-content\/uploads\/2025\/12\/uputstvo-img-790x1024.png 790w, https:\/\/mdi.dev.konkursi.me\/wp-content\/uploads\/2025\/12\/uputstvo-img-768x996.png 768w, https:\/\/mdi.dev.konkursi.me\/wp-content\/uploads\/2025\/12\/uputstvo-img-9x12.png 9w, https:\/\/mdi.dev.konkursi.me\/wp-content\/uploads\/2025\/12\/uputstvo-img.png 837w\" sizes=\"auto, (max-width: 116px) 100vw, 116px\" \/><\/figure>\n<\/div>\n\n\n\n<div class=\"wp-block-group wp-container-content-9cfa9a5a is-vertical is-layout-flex wp-container-core-group-is-layout-b0fe5dce wp-block-group-is-layout-flex\">\n<h6 class=\"wp-block-heading not-underline\"><a href=\"https:\/\/mdi.dev.konkursi.me\/wp-content\/uploads\/2026\/01\/Uputstvo-za-korisnike-\u2013-Portal-Ministarstva-dijaspore.pdf\" target=\"_blank\" rel=\"noreferrer noopener\">\u041a\u043e\u0440\u0438\u0441\u043d\u0438\u0447\u043a\u043e \u0443\u043f\u0443\u0441\u0442\u0432\u043e<\/a><\/h6>\n\n\n\n<div class=\"wp-block-group is-vertical is-layout-flex wp-container-core-group-is-layout-6017beb2 wp-block-group-is-layout-flex\">\n<div class=\"wp-block-group is-nowrap is-layout-flex wp-container-core-group-is-layout-930feb06 wp-block-group-is-layout-flex\">\n<p class=\"has-contrast-color has-text-color has-link-color has-text-body-md-font-size wp-elements-8be518ece53881a23e18c0aca4d66ba4 wp-block-paragraph\">\u0412\u0435\u0440\u0437\u0438\u0458\u0430 1.0<\/p>\n\n\n\n<p class=\"has-text-body-md-font-size wp-block-paragraph\"><em>\u041e\u0431\u0458\u0430\u0432\u0459\u0435\u043d\u043e: 15. \u0434\u0435\u0446\u0435\u043c\u0431\u0430\u0440 2025<\/em>.<\/p>\n<\/div>\n\n\n\n<div class=\"wp-block-group is-nowrap is-layout-flex wp-container-core-group-is-layout-930feb06 wp-block-group-is-layout-flex\">\n<div class=\"wp-block-buttons is-layout-flex wp-block-buttons-is-layout-flex\">\n<div class=\"wp-block-button is-style-outline btn-icon-arrow-down-to-line is-style-outline--1\"><a rel=\"noreferrer noopener\" target=\"_blank\" href=\"https:\/\/mdi.dev.konkursi.me\/wp-content\/uploads\/2026\/01\/Uputstvo-za-korisnike-\u2013-Portal-Ministarstva-dijaspore.pdf\" class=\"wp-block-button__link wp-element-button\">\u041f\u0440\u0435\u0443\u0437\u043c\u0438<\/a><\/div>\n<\/div>\n\n\n\n<p class=\"has-contrast-4-color has-text-color has-link-color has-text-body-md-font-size wp-elements-652244832269429467cbe96e95a40391 wp-block-paragraph\">\u041f\u0414\u0424 \u2022 9 \u041c\u0411<\/p>\n<\/div>\n<\/div>\n<\/div>\n<\/div>\n\n\n\n<hr class=\"wp-block-separator has-text-color has-base-3-color has-alpha-channel-opacity has-base-3-background-color has-background is-style-wide\" style=\"margin-top:var(--wp--preset--spacing--12);margin-bottom:var(--wp--preset--spacing--12)\"\/>\n<\/div>\n\n\n\n<p class=\"wp-block-paragraph\"><\/p>","protected":false},"excerpt":{"rendered":"<p>Dokument pod nazivom &#8220;Uputstvo za korisnike &#8211; Portal Ministarstva dijaspore&#8221; pru\u017ea detaljna uputstva za kori\u0161\u0107enje platforme Ministarstva dijaspore, uklju\u010duju\u0107i registraciju, prijavu, navigaciju kroz javni i personalizovani dio portala, te proces podno\u0161enja prijava na javne pozive i grantove. Sadr\u017ei vodi\u010de za dodavanje dokumenata i pregled prijava, kao i savjete za rje\u0161avanje \u010destih problema. Preuzmite dokument kako [&hellip;]<\/p>\n","protected":false},"author":1,"featured_media":0,"parent":0,"menu_order":0,"comment_status":"closed","ping_status":"closed","template":"","meta":{"_acf_changed":false,"_crdt_document":"","footnotes":""},"class_list":["post-5381","page","type-page","status-publish","hentry"],"acf":[],"_links":{"self":[{"href":"https:\/\/mdi.dev.konkursi.me\/cyr\/wp-json\/wp\/v2\/pages\/5381","targetHints":{"allow":["GET"]}}],"collection":[{"href":"https:\/\/mdi.dev.konkursi.me\/cyr\/wp-json\/wp\/v2\/pages"}],"about":[{"href":"https:\/\/mdi.dev.konkursi.me\/cyr\/wp-json\/wp\/v2\/types\/page"}],"author":[{"embeddable":true,"href":"https:\/\/mdi.dev.konkursi.me\/cyr\/wp-json\/wp\/v2\/users\/1"}],"replies":[{"embeddable":true,"href":"https:\/\/mdi.dev.konkursi.me\/cyr\/wp-json\/wp\/v2\/comments?post=5381"}],"version-history":[{"count":9,"href":"https:\/\/mdi.dev.konkursi.me\/cyr\/wp-json\/wp\/v2\/pages\/5381\/revisions"}],"predecessor-version":[{"id":6619,"href":"https:\/\/mdi.dev.konkursi.me\/cyr\/wp-json\/wp\/v2\/pages\/5381\/revisions\/6619"}],"wp:attachment":[{"href":"https:\/\/mdi.dev.konkursi.me\/cyr\/wp-json\/wp\/v2\/media?parent=5381"}],"curies":[{"name":"wp","href":"https:\/\/api.w.org\/{rel}","templated":true}]}}