{"id":4759,"date":"2024-11-28T13:35:18","date_gmt":"2024-11-28T12:35:18","guid":{"rendered":"https:\/\/konkursi-dev.belit.co.rs\/?page_id=4759"},"modified":"2025-12-11T09:59:57","modified_gmt":"2025-12-11T08:59:57","slug":"uslovi-koriscenja","status":"publish","type":"page","link":"https:\/\/mdi.dev.konkursi.me\/cyr\/uslovi-koriscenja\/","title":{"rendered":"\u0423\u0441\u043b\u043e\u0432\u0438 \u043a\u043e\u0440\u0438\u0448\u045b\u0435\u045a\u0430"},"content":{"rendered":"<p><!-- PUT HERE AS MANNY PATTERNS AS YOU WANT --><\/p>\n\n\n<h2 class=\"wp-block-heading\"><strong>\u0420\u0435\u0433\u0438\u0441\u0442\u0440\u0430\u0446\u0438\u0458\u0430 \u043d\u0430\u043b\u043e\u0433\u0430<\/strong><\/h2>\n\n\n\n<p class=\"wp-block-paragraph\">\u0414\u043e\u0431\u0440\u043e\u0434\u043e\u0448\u043b\u0438 \u043d\u0430 \u043f\u043b\u0430\u0442\u0444\u043e\u0440\u043c\u0443<strong> <\/strong>\u0437\u0430 \u043a\u043e\u043d\u043a\u0443\u0440\u0441\u0435<strong> \u041c\u0438\u043d\u0438\u0441\u0442\u0430\u0440\u0441\u0442\u0432\u0430 \u0434\u0438\u0458\u0430\u0441\u043f\u043e\u0440\u0435<\/strong> (\u0443 \u0434\u0430\u0459\u0435\u043c \u0442\u0435\u043a\u0441\u0442\u0443 \u201e\u041f\u043b\u0430\u0442\u0444\u043e\u0440\u043c\u0430\u201d). \u0420\u0435\u0433\u0438\u0441\u0442\u0440\u0430\u0446\u0438\u0458\u043e\u043c \u043d\u0430 \u043e\u0432\u0443 \u041f\u043b\u0430\u0442\u0444\u043e\u0440\u043c\u0443, \u043a\u043e\u0440\u0438\u0441\u043d\u0438\u0446\u0438 \u0441\u0442\u0438\u0447\u0443 \u043f\u0440\u0430\u0432\u043e \u043d\u0430 \u043f\u0440\u0438\u0441\u0442\u0443\u043f \u0438 \u043a\u043e\u0440\u0438\u0448\u045b\u0435\u045a\u0435 \u0444\u0443\u043d\u043a\u0446\u0438\u043e\u043d\u0430\u043b\u043d\u043e\u0441\u0442\u0438 \u0432\u0435\u0437\u0430\u043d\u0438\u0445 \u0437\u0430 \u043f\u0440\u0438\u0458\u0430\u0432\u0443 \u043d\u0430 \u0458\u0430\u0432\u043d\u0435 \u043f\u043e\u0437\u0438\u0432\u0435 \u0438 \u043a\u043e\u043d\u043a\u0443\u0440\u0441\u0435.<\/p>\n\n\n\n<p class=\"wp-block-paragraph\">\u041f\u043e \u0443\u0441\u043f\u0458\u0435\u0448\u043d\u043e\u0458 \u0440\u0435\u0433\u0438\u0441\u0442\u0440\u0430\u0446\u0438\u0458\u0438, \u043a\u043e\u0440\u0438\u0441\u043d\u0438\u043a \u045b\u0435 \u0434\u043e\u0431\u0438\u0442\u0438 \u0435-\u043c\u0430\u0438\u043b \u0441\u0430 \u043b\u0438\u043d\u043a\u043e\u043c \u0437\u0430 \u0432\u0435\u0440\u0438\u0444\u0438\u043a\u0430\u0446\u0438\u0458\u0443 \u043d\u0430\u043b\u043e\u0433\u0430. \u0412\u0430\u0436\u043d\u043e \u0458\u0435 \u0434\u0430 \u043d\u0430\u0432\u0435\u0434\u0435\u0442\u0435 \u0432\u0430\u043b\u0438\u0434\u043d\u0443 \u0435-\u043c\u0430\u0438\u043b \u0430\u0434\u0440\u0435\u0441\u0443 \u043a\u0430\u043a\u043e \u0431\u0438\u0441\u0442\u0435 \u043f\u0440\u0430\u0432\u043e\u0432\u0440\u0435\u043c\u0435\u043d\u043e \u043f\u0440\u0438\u043c\u0430\u043b\u0438 \u043e\u0431\u0430\u0432\u0458\u0435\u0448\u0442\u0435\u045a\u0430 \u043e \u0441\u0442\u0430\u0442\u0443\u0441\u0443 \u043f\u0440\u0438\u0458\u0430\u0432\u0430 \u0438 \u0434\u0440\u0443\u0433\u0438\u043c \u0440\u0435\u043b\u0435\u0432\u0430\u043d\u0442\u043d\u0438\u043c \u0438\u043d\u0444\u043e\u0440\u043c\u0430\u0446\u0438\u0458\u0430\u043c\u0430.<\/p>\n\n\n\n<h2 class=\"wp-block-heading\"><strong>\u041f\u043e\u043b\u0438\u0442\u0438\u043a\u0430 \u043f\u0440\u0438\u0432\u0430\u0442\u043d\u043e\u0441\u0442\u0438\u202f\u0437\u0430 \u043a\u043e\u0440\u0438\u0448\u045b\u0435\u045a\u0435 \u043f\u043e\u0440\u0442\u0430\u043b\u0430<\/strong><\/h2>\n\n\n\n<h3 class=\"wp-block-heading\"><strong>\u041a\u043e\u0458\u0435 \u043f\u043e\u0434\u0430\u0442\u043a\u0435 \u043f\u0440\u0438\u043a\u0443\u043f\u0459\u0430\u043c\u043e<\/strong><\/h3>\n\n\n\n<p class=\"wp-block-paragraph\">\u041d\u0430\u0448\u0430 \u041f\u043b\u0430\u0442\u0444\u043e\u0440\u043c\u0430 \u043c\u043e\u0436\u0435 \u043f\u0440\u0438\u043a\u0443\u043f\u0459\u0430\u0442\u0438 \u0441\u0459\u0435\u0434\u0435\u045b\u0435 \u043b\u0438\u0447\u043d\u0435 \u043f\u043e\u0434\u0430\u0442\u043a\u0435 \u043f\u0443\u0442\u0435\u043c \u0444\u043e\u0440\u043c\u0438:<\/p>\n\n\n\n<ul class=\"wp-block-list\">\n<li>Ime i prezime<\/li>\n\n\n\n<li>Email adresu<\/li>\n\n\n\n<li>\u0411\u0440\u043e\u0458 \u0442\u0435\u043b\u0435\u0444\u043e\u043d\u0430<\/li>\n\n\n\n<li>\u041f\u043e\u0434\u0430\u0442\u043a\u0435 \u043a\u043e\u0458\u0438 \u0447\u0438\u043d\u0435 \u0441\u0430\u0441\u0442\u0430\u0432\u043d\u0438 \u0434\u0438\u043e \u0444\u043e\u0440\u043c\u0438 \u0437\u0430 \u043f\u0440\u0438\u0458\u0430\u0432\u0443 \u043d\u0430 \u0458\u0430\u0432\u043d\u0435 \u043f\u043e\u0437\u0438\u0432\u0435 \u0438 \u043a\u043e\u043d\u043a\u0443\u0440\u0441\u0435 \u043d\u0430 \u043e\u0432\u043e\u0458 \u043f\u043b\u0430\u0442\u0444\u043e\u0440\u043c\u0438<\/li>\n\n\n\n<li>\u041e\u0441\u0442\u0430\u043b\u0435 \u043f\u043e\u0434\u0430\u0442\u043a\u0435 \u043a\u043e\u0458\u0435 \u0441\u0430\u043c\u0438 \u0434\u043e\u0431\u0440\u043e\u0432\u043e\u0459\u043d\u043e \u043f\u0440\u0443\u0436\u0438\u0442\u0435<\/li>\n<\/ul>\n\n\n\n<h3 class=\"wp-block-heading\"><strong>\u0421\u0432\u0440\u0445\u0430 \u043f\u0440\u0438\u043a\u0443\u043f\u0459\u0430\u045a\u0430 \u043f\u043e\u0434\u0430\u0442\u0430\u043a\u0430<\/strong><\/h3>\n\n\n\n<p class=\"wp-block-paragraph\">\u041f\u0440\u0438\u043a\u0443\u043f\u0459\u0435\u043d\u0438 \u043f\u043e\u0434\u0430\u0446\u0438 \u0441\u0435 \u043a\u043e\u0440\u0438\u0441\u0442\u0435 \u0437\u0430:<\/p>\n\n\n\n<ul class=\"wp-block-list\">\n<li>\u041a\u0440\u0435\u0438\u0440\u0430\u045a\u0435 \u043a\u043e\u0440\u0438\u0441\u043d\u0438\u0447\u043a\u0438\u0445 \u043d\u0430\u043b\u043e\u0433\u0430<\/li>\n\n\n\n<li>\u0423\u043f\u0440\u0430\u0432\u0459\u0430\u045a\u0435 \u043f\u0440\u0438\u0458\u0430\u0432\u0430\u043c\u0430 \u043d\u0430 \u043f\u043e\u0437\u0438\u0432\u0435 \u0438 \u043a\u043e\u043d\u043a\u0443\u0440\u0441\u0435<\/li>\n\n\n\n<li>\u041a\u043e\u043d\u0442\u0430\u043a\u0442\u0438\u0440\u0430\u045a\u0435 \u0438 \u043e\u0431\u0430\u0432\u0458\u0435\u0448\u0442\u0430\u0432\u0430\u045a\u0435 \u043e \u0441\u0442\u0430\u0442\u0443\u0441\u0443 \u043f\u0440\u0438\u0458\u0430\u0432\u0435<\/li>\n\n\n\n<li>\u0418\u0437\u0440\u0430\u0434\u0443 \u0443\u0433\u043e\u0432\u043e\u0440\u0430 \u043e \u0434\u043e\u0434\u0458\u0435\u043b\u0438 \u0441\u0440\u0435\u0434\u0441\u0442\u0430\u0432\u0430 \u0438 \u045a\u0438\u0445\u043e\u0432\u0438\u0445 \u0430\u043d\u0435\u043a\u0441\u0430, \u043e\u0434\u043b\u0443\u043a\u0430 \u043e \u0434\u043e\u0434\u0458\u0435\u043b\u0438 \u0441\u0440\u0435\u0434\u0441\u0442\u0430\u0432\u0430 \u0438 \u0434\u0440\u0443\u0433\u0435 \u0434\u043e\u043a\u0443\u043c\u0435\u043d\u0442\u0430\u0446\u0438\u0458\u0435 \u0432\u0435\u0437\u0430\u043d\u0435 \u0437\u0430 \u043a\u043e\u0440\u0438\u0448\u045b\u0435\u045a\u0435 \u0431\u0443\u045f\u0435\u0442\u0441\u043a\u0438\u0445 \u0441\u0440\u0435\u0434\u0441\u0442\u0430\u0432\u0430 \u043d\u0430\u043c\u0438\u0458\u0435\u045a\u0435\u043d\u0438\u0445 \u0437\u0430 \u0458\u0430\u0432\u043d\u0435 \u043f\u043e\u0437\u0438\u0432\u0435 \u0438 \u043a\u043e\u043d\u043a\u0443\u0440\u0441\u0435<\/li>\n\n\n\n<li>\u0418\u0437\u0432\u0458\u0435\u0448\u0442\u0430\u0432\u0430\u045a\u0435 \u043e \u0443\u0442\u0440\u043e\u0448\u0435\u043d\u0438\u043c \u0431\u0443\u045f\u0435\u0442\u0441\u043a\u0438\u043c \u0441\u0440\u0435\u0434\u0441\u0442\u0432\u0438\u043c\u0430 \u0443 \u0441\u0432\u0440\u0445\u0435 \u0441\u043f\u0440\u043e\u0432\u0435\u0434\u0435\u043d\u0438\u0445 \u043f\u043e\u0437\u0438\u0432\u0430 \u0438 \u043a\u043e\u043d\u043a\u0443\u0440\u0441\u0430, \u043f\u043e\u0441\u043b\u043e\u0432\u043d\u0435 \u0441\u0442\u0430\u0442\u0438\u0441\u0442\u0438\u043a\u0435<\/li>\n<\/ul>\n\n\n\n<h3 class=\"wp-block-heading\"><strong>\u0414\u0438\u0458\u0435\u0459\u0435\u045a\u0435 \u043f\u043e\u0434\u0430\u0442\u0430\u043a\u0430<\/strong><\/h3>\n\n\n\n<p class=\"wp-block-paragraph\">\u0412\u0430\u0448\u0438 \u043f\u043e\u0434\u0430\u0446\u0438 \u0441\u0435 \u043d\u0435\u045b\u0435 \u043f\u0440\u043e\u0434\u0430\u0432\u0430\u0442\u0438, \u0438\u0437\u043d\u0430\u0458\u043c\u0459\u0438\u0432\u0430\u0442\u0438 \u0438\u043b\u0438 \u0443\u0441\u0442\u0443\u043f\u0430\u0442\u0438 \u0442\u0440\u0435\u045b\u0438\u043c \u0441\u0442\u0440\u0430\u043d\u0430\u043c\u0430 \u0431\u0435\u0437 \u0432\u0430\u0448\u0435\u0433 \u043f\u0440\u0438\u0441\u0442\u0430\u043d\u043a\u0430, \u043e\u0441\u0438\u043c \u0443 \u0441\u043b\u0443\u0447\u0430\u0458\u0435\u0432\u0438\u043c\u0430 \u043a\u0430\u0434\u0430 \u0458\u0435 \u0442\u043e \u0437\u0430\u043a\u043e\u043d\u043e\u043c \u043e\u0431\u0430\u0432\u0435\u0437\u043d\u043e.<\/p>\n\n\n\n<h3 class=\"wp-block-heading\"><strong>\u041a\u043e\u043b\u0430\u0447\u0438\u045b\u0438 \u0438 \u0442\u0435\u0445\u043d\u043e\u043b\u043e\u0433\u0438\u0458\u0435 \u043f\u0440\u0430\u045b\u0435\u045a\u0430<\/strong><\/h3>\n\n\n\n<p class=\"wp-block-paragraph\">\u041d\u0430\u0448\u0430 \u043f\u043b\u0430\u0442\u0444\u043e\u0440\u043c\u0430 \u043c\u043e\u0436\u0435 \u043a\u043e\u0440\u0438\u0441\u0442\u0438\u0442\u0438 \u043a\u043e\u043b\u0430\u0447\u0438\u045b\u0435 \u0438 \u0441\u043b\u0438\u0447\u043d\u0435 \u0442\u0435\u0445\u043d\u043e\u043b\u043e\u0433\u0438\u0458\u0435 \u0440\u0430\u0434\u0438 \u043f\u043e\u0431\u043e\u0459\u0448\u0430\u045a\u0430 \u0412\u0430\u0448\u0435\u0433 \u043a\u043e\u0440\u0438\u0441\u043d\u0438\u0447\u043a\u043e\u0433 \u0438\u0441\u043a\u0443\u0441\u0442\u0432\u0430 \u0438 \u043f\u0440\u0430\u045b\u0435\u045a\u0430 \u0430\u043a\u0442\u0438\u0432\u043d\u043e\u0441\u0442\u0438 \u043d\u0430 \u0441\u0430\u0458\u0442\u0443. \u041c\u043e\u0436\u0435\u0442\u0435 \u0443\u043f\u0440\u0430\u0432\u0459\u0430\u0442\u0438 \u043f\u043e\u0441\u0442\u0430\u0432\u043a\u0430\u043c\u0430 \u043a\u043e\u043b\u0430\u0447\u0438\u045b\u0430 \u043f\u0443\u0442\u0435\u043c \u043f\u043e\u0434\u0435\u0448\u0430\u0432\u0430\u045a\u0430 \u0443 \u0412\u0430\u0448\u0435\u043c \u043f\u0440\u0435\u0442\u0440\u0430\u0436\u0438\u0432\u0430\u0447\u0443.<\/p>\n\n\n\n<h3 class=\"wp-block-heading\"><strong>Prava korisnika<\/strong><\/h3>\n\n\n\n<p class=\"wp-block-paragraph\">\u041c\u043e\u0436\u0435\u0442\u0435 \u043d\u0430\u043c \u0441\u0435 \u043e\u0431\u0440\u0430\u0442\u0438\u0442\u0438 \u0443\u043a\u043e\u043b\u0438\u043a\u043e \u0438\u043c\u0430\u0442\u0435 \u0431\u0438\u043b\u043e \u043a\u0430\u043a\u0432\u0438\u0445 \u043f\u0438\u0442\u0430\u045a\u0430 \u0438\u043b\u0438 \u043d\u0435\u0434\u043e\u0443\u043c\u0438\u0446\u0430 \u0443 \u0432\u0435\u0437\u0438 \u0441\u0430 \u043f\u043e\u043b\u0438\u0442\u0438\u043a\u043e\u043c \u043f\u0440\u0438\u0432\u0430\u0442\u043d\u043e\u0441\u0442\u0438 \u0438\u043b\u0438 \u043e\u0431\u0440\u0430\u0434\u043e\u043c \u0412\u0430\u0448\u0438\u0445 \u043f\u043e\u0434\u0430\u0442\u0430\u043a\u0430.<\/p>\n\n\n\n<h3 class=\"wp-block-heading\"><strong>\u041a\u043e\u043d\u0442\u0430\u043a\u0442 \u0438\u043d\u0444\u043e\u0440\u043c\u0430\u0446\u0438\u0458\u0435<\/strong><\/h3>\n\n\n\n<p class=\"wp-block-paragraph\">\u0423\u043a\u043e\u043b\u0438\u043a\u043e \u0438\u043c\u0430\u0442\u0435 \u0434\u043e\u0434\u0430\u0442\u043d\u0430 \u043f\u0438\u0442\u0430\u045a\u0430 \u0438\u043b\u0438 \u043a\u043e\u043c\u0435\u043d\u0442\u0430\u0440\u0435 \u0443 \u0432\u0435\u0437\u0438 \u0441\u0430 \u043d\u0430\u0448\u043e\u043c \u043f\u043e\u043b\u0438\u0442\u0438\u043a\u043e\u043c \u043f\u0440\u0438\u0432\u0430\u0442\u043d\u043e\u0441\u0442\u0438, \u043c\u043e\u0436\u0435\u0442\u0435 \u043d\u0430\u0441 \u043a\u043e\u043d\u0442\u0430\u043a\u0442\u0438\u0440\u0430\u0442\u0438 \u043f\u0443\u0442\u0435\u043c \u0441\u0459\u0435\u0434\u0435\u045b\u0438\u0445 \u0438\u043d\u0444\u043e\u0440\u043c\u0430\u0446\u0438\u0458\u0430:<\/p>\n\n\n\n<ul class=\"wp-block-list\">\n<li>Email: kabinet@mdi.gov.me<\/li>\n<\/ul>\n\n\n\n<div style=\"height:50px\" aria-hidden=\"true\" class=\"wp-block-spacer\"><\/div>","protected":false},"excerpt":{"rendered":"<p>Registracija naloga Dobrodo\u0161li na platformu za konkurse Ministarstva dijaspore (u daljem tekstu \u201ePlatforma\u201d). Registracijom na ovu Platformu, korisnici sti\u010du pravo na pristup i kori\u0161\u0107enje funkcionalnosti vezanih za prijavu na javne pozive i konkurse. Po uspje\u0161noj registraciji, korisnik \u0107e dobiti e-mail sa linkom za verifikaciju naloga. Va\u017eno je da navedete validnu e-mail adresu kako biste pravovremeno [&hellip;]<\/p>\n","protected":false},"author":1,"featured_media":0,"parent":0,"menu_order":0,"comment_status":"closed","ping_status":"closed","template":"","meta":{"_acf_changed":false,"_crdt_document":"","footnotes":""},"class_list":["post-4759","page","type-page","status-publish","hentry"],"acf":[],"_links":{"self":[{"href":"https:\/\/mdi.dev.konkursi.me\/cyr\/wp-json\/wp\/v2\/pages\/4759","targetHints":{"allow":["GET"]}}],"collection":[{"href":"https:\/\/mdi.dev.konkursi.me\/cyr\/wp-json\/wp\/v2\/pages"}],"about":[{"href":"https:\/\/mdi.dev.konkursi.me\/cyr\/wp-json\/wp\/v2\/types\/page"}],"author":[{"embeddable":true,"href":"https:\/\/mdi.dev.konkursi.me\/cyr\/wp-json\/wp\/v2\/users\/1"}],"replies":[{"embeddable":true,"href":"https:\/\/mdi.dev.konkursi.me\/cyr\/wp-json\/wp\/v2\/comments?post=4759"}],"version-history":[{"count":7,"href":"https:\/\/mdi.dev.konkursi.me\/cyr\/wp-json\/wp\/v2\/pages\/4759\/revisions"}],"predecessor-version":[{"id":6424,"href":"https:\/\/mdi.dev.konkursi.me\/cyr\/wp-json\/wp\/v2\/pages\/4759\/revisions\/6424"}],"wp:attachment":[{"href":"https:\/\/mdi.dev.konkursi.me\/cyr\/wp-json\/wp\/v2\/media?parent=4759"}],"curies":[{"name":"wp","href":"https:\/\/api.w.org\/{rel}","templated":true}]}}